{"id":77,"date":"2021-05-07T10:05:13","date_gmt":"2021-05-07T10:05:13","guid":{"rendered":"https:\/\/oboe.academy\/?page_id=77"},"modified":"2021-05-07T10:05:13","modified_gmt":"2021-05-07T10:05:13","slug":"ueber-mich","status":"publish","type":"page","link":"https:\/\/oboe.academy\/de\/ueber-mich\/","title":{"rendered":"\u00dcber mich"},"content":{"rendered":"<div class=\"wp-block-columns is-layout-flex wp-container-core-columns-is-layout-9d6595d7 wp-block-columns-is-layout-flex\">\n<div class=\"wp-block-column is-layout-flow wp-block-column-is-layout-flow\" style=\"flex-basis:33.33%\">\n<figure class=\"wp-block-image size-large\"><img loading=\"lazy\" decoding=\"async\" width=\"683\" height=\"1024\" src=\"https:\/\/oboe.academy\/wp-content\/uploads\/2021\/02\/20140529-0092-1200-683x1024.jpg\" alt=\"Elena Gonzalez\" class=\"wp-image-33\" srcset=\"https:\/\/oboe.academy\/wp-content\/uploads\/2021\/02\/20140529-0092-1200-683x1024.jpg 683w, https:\/\/oboe.academy\/wp-content\/uploads\/2021\/02\/20140529-0092-1200-600x900.jpg 600w, https:\/\/oboe.academy\/wp-content\/uploads\/2021\/02\/20140529-0092-1200-200x300.jpg 200w, https:\/\/oboe.academy\/wp-content\/uploads\/2021\/02\/20140529-0092-1200-768x1152.jpg 768w, https:\/\/oboe.academy\/wp-content\/uploads\/2021\/02\/20140529-0092-1200-8x12.jpg 8w, https:\/\/oboe.academy\/wp-content\/uploads\/2021\/02\/20140529-0092-1200.jpg 800w\" sizes=\"auto, (max-width: 683px) 100vw, 683px\" \/><\/figure>\n<\/div>\n\n\n\n<div class=\"wp-block-column is-layout-flow wp-block-column-is-layout-flow\" style=\"flex-basis:66.66%\">\n<p>Seit 2007 lebt Elena Gonzalez in der Schweiz. Sie schloss ihr Studium an der Z\u00fcrcher Hochschule der K\u00fcnste ZHdK erfolgreich mit dem Konzertdiplom und dem Master of Arts in Musikp\u00e4dagogik ab, beide mit Exzellenz. <\/p>\n\n\n\n<p>Neben ihrer solistischen und performativen T\u00e4tigkeit umfasst die p\u00e4dagogische Arbeit von Elena Gonzalez Unterricht in Andelfingen, D\u00fcbendorf und Schaffhausen, au\u00dferdem war sie Dozentin f\u00fcr Oboendidaktik an der Z\u00fcrcher Hochschule der K\u00fcnste ZHdK, wo sie auch einige Kurse gibt.<\/p>\n\n\n\n<p>Elena Gonzalez ist Mitinitiatorin des \u201eDoppelrohrtags\u201c in der Schweiz.<\/p>\n\n\n\n<p>2014 erschien ihre Edition von \u201eLe Tombeau de Couperin\u201c von M.Ravel im Verlag Edition Kunzelmann.<\/p>\n<\/div>\n<\/div>","protected":false},"excerpt":{"rendered":"<p>Seit 2007 lebt Elena Gonzalez in der Schweiz. Sie schloss ihr Studium an der Z\u00fcrcher Hochschule der K\u00fcnste ZHdK erfolgreich mit dem Konzertdiplom und dem Master of Arts in Musikp\u00e4dagogik ab, beide mit Exzellenz. Neben ihrer solistischen und darstellerischen T\u00e4tigkeit umfasst die p\u00e4dagogische Arbeit von Elena Gonzalez Unterricht in Andelfingen, D\u00fcbendorf und Schaffhausen, au\u00dferdem war sie Dozentin f\u00fcr Oboe\u2026&nbsp;<\/p>","protected":false},"author":1,"featured_media":0,"parent":0,"menu_order":0,"comment_status":"closed","ping_status":"closed","template":"","meta":{"neve_meta_sidebar":"","neve_meta_container":"","neve_meta_enable_content_width":"","neve_meta_content_width":0,"neve_meta_title_alignment":"","neve_meta_author_avatar":"","neve_post_elements_order":"","neve_meta_disable_header":"","neve_meta_disable_footer":"","neve_meta_disable_title":"","footnotes":""},"class_list":["post-77","page","type-page","status-publish","hentry"],"jetpack_sharing_enabled":false,"_links":{"self":[{"href":"https:\/\/oboe.academy\/de\/wp-json\/wp\/v2\/pages\/77","targetHints":{"allow":["GET"]}}],"collection":[{"href":"https:\/\/oboe.academy\/de\/wp-json\/wp\/v2\/pages"}],"about":[{"href":"https:\/\/oboe.academy\/de\/wp-json\/wp\/v2\/types\/page"}],"author":[{"embeddable":true,"href":"https:\/\/oboe.academy\/de\/wp-json\/wp\/v2\/users\/1"}],"replies":[{"embeddable":true,"href":"https:\/\/oboe.academy\/de\/wp-json\/wp\/v2\/comments?post=77"}],"version-history":[{"count":0,"href":"https:\/\/oboe.academy\/de\/wp-json\/wp\/v2\/pages\/77\/revisions"}],"wp:attachment":[{"href":"https:\/\/oboe.academy\/de\/wp-json\/wp\/v2\/media?parent=77"}],"curies":[{"name":"wp","href":"https:\/\/api.w.org\/{rel}","templated":true}]}}